{"id":329,"date":"2021-05-17T18:54:35","date_gmt":"2021-05-17T18:54:35","guid":{"rendered":"https:\/\/andidocoaching.de\/?page_id=329"},"modified":"2024-03-28T21:24:05","modified_gmt":"2024-03-28T21:24:05","slug":"der-leichte-einstieg-ins-coaching","status":"publish","type":"page","link":"https:\/\/andidocoaching.de\/?page_id=329","title":{"rendered":"Der leichte Einstieg"},"content":{"rendered":"\t\t<div data-elementor-type=\"wp-page\" data-elementor-id=\"329\" class=\"elementor elementor-329\">\n\t\t\t\t\t\t<section class=\"elementor-section elementor-top-section elementor-element elementor-element-6505af9 elementor-section-boxed elementor-section-height-default elementor-section-height-default\" data-id=\"6505af9\" data-element_type=\"section\" data-e-type=\"section\">\n\t\t\t\t\t\t<div class=\"elementor-container elementor-column-gap-default\">\n\t\t\t\t\t<div class=\"elementor-column elementor-col-100 elementor-top-column elementor-element elementor-element-ffb8aee\" data-id=\"ffb8aee\" data-element_type=\"column\" data-e-type=\"column\">\n\t\t\t<div class=\"elementor-widget-wrap elementor-element-populated\">\n\t\t\t\t\t\t<div class=\"elementor-element elementor-element-a0360e7 elementor-widget elementor-widget-text-editor\" data-id=\"a0360e7\" data-element_type=\"widget\" data-e-type=\"widget\" data-widget_type=\"text-editor.default\">\n\t\t\t\t<div class=\"elementor-widget-container\">\n\t\t\t\t\t\t\t\t\t<p><span style=\"color: #000000;\"><strong>An Wendepunkten im Berufsleben (Schulabschluss, Berufswechsel, \u00dcbergang in die Rente) gilt es, die eigene Ausrichtung neu zu definieren und inspirierende Ziele zu finden. Das k\u00f6nnen wir im Coaching auf den Punkt bringen.\u00a0<\/strong><\/span><\/p><h5><span style=\"color: #99cc00;\"><strong>Das Erstgespr\u00e4ch ist f\u00fcr Dich als Coaching-Anf\u00e4nger kostenfrei und bereits lohnend.\u00a0<\/strong><\/span><\/h5><p><span style=\"color: #000000;\">Weitere Module k\u00f6nnen flexibel zugebucht werden und eignen sich als &#8222;Sinn-&#8220; volles Geschenk f\u00fcr alle, die an einem Wendepunkt in ihrer Karriere stehen!<\/span><\/p><p><span style=\"color: #000000;\">Die Preise f\u00fcr berufliche\u00a0 Wendepunkt-Coachings teile ich gerne auf Anfrage mit. Gut zu wissen: F\u00fcr Berufseinsteiger gelten reduzierte Tarife.\u00a0<\/span><\/p>\t\t\t\t\t\t\t\t<\/div>\n\t\t\t\t<\/div>\n\t\t\t\t<div class=\"elementor-element elementor-element-dc091ae elementor-widget elementor-widget-image\" data-id=\"dc091ae\" data-element_type=\"widget\" data-e-type=\"widget\" data-widget_type=\"image.default\">\n\t\t\t\t<div class=\"elementor-widget-container\">\n\t\t\t\t\t\t\t\t\t\t\t\t\t\t\t<img fetchpriority=\"high\" decoding=\"async\" width=\"960\" height=\"540\" src=\"https:\/\/andidocoaching.de\/wp-content\/uploads\/2021\/05\/Halbe-Seite_Ausbildungskompass_2021_ASchaubmar.jpg\" class=\"attachment-large size-large wp-image-325\" alt=\"\" srcset=\"https:\/\/andidocoaching.de\/wp-content\/uploads\/2021\/05\/Halbe-Seite_Ausbildungskompass_2021_ASchaubmar.jpg 960w, https:\/\/andidocoaching.de\/wp-content\/uploads\/2021\/05\/Halbe-Seite_Ausbildungskompass_2021_ASchaubmar-300x169.jpg 300w, https:\/\/andidocoaching.de\/wp-content\/uploads\/2021\/05\/Halbe-Seite_Ausbildungskompass_2021_ASchaubmar-768x432.jpg 768w\" sizes=\"(max-width: 960px) 100vw, 960px\" \/>\t\t\t\t\t\t\t\t\t\t\t\t\t\t\t<\/div>\n\t\t\t\t<\/div>\n\t\t\t\t<div class=\"elementor-element elementor-element-9523b85 elementor-widget elementor-widget-text-editor\" data-id=\"9523b85\" data-element_type=\"widget\" data-e-type=\"widget\" data-widget_type=\"text-editor.default\">\n\t\t\t\t<div class=\"elementor-widget-container\">\n\t\t\t\t\t\t\t\t\t<p><strong>Was kannst Du aus einem erfolgreichen Coaching\u00a0 mitnehmen?<\/strong><\/p><ul><li style=\"font-weight: 400;\" aria-level=\"1\"><strong>Ein reflektiertes Bild von Dir selbst, das in jedem Bewerbungsgespr\u00e4ch hilft<\/strong><\/li><li style=\"font-weight: 400;\" aria-level=\"1\"><strong>Eine kreative Perspektive, welche T\u00e4tigkeitsfelder f\u00fcr Dich in Frage kommen k\u00f6nnen\u00a0<\/strong><\/li><li style=\"font-weight: 400;\" aria-level=\"1\"><strong>Entscheidungshilfen f\u00fcr die konkrete Berufswahl und deren Umsetzung<\/strong><\/li><li aria-level=\"1\"><strong>Ziele und Vorhaben f\u00fcr ein erf\u00fclltes Leben nach dem Abschied aus dem Berufsleben.<\/strong><\/li><\/ul>\t\t\t\t\t\t\t\t<\/div>\n\t\t\t\t<\/div>\n\t\t\t\t\t<\/div>\n\t\t<\/div>\n\t\t\t\t\t<\/div>\n\t\t<\/section>\n\t\t\t\t<section class=\"elementor-section elementor-top-section elementor-element elementor-element-57cd4e8 elementor-section-boxed elementor-section-height-default elementor-section-height-default\" data-id=\"57cd4e8\" data-element_type=\"section\" data-e-type=\"section\">\n\t\t\t\t\t\t<div class=\"elementor-container elementor-column-gap-default\">\n\t\t\t\t\t<div class=\"elementor-column elementor-col-100 elementor-top-column elementor-element elementor-element-2a06cc4\" data-id=\"2a06cc4\" data-element_type=\"column\" data-e-type=\"column\">\n\t\t\t<div class=\"elementor-widget-wrap elementor-element-populated\">\n\t\t\t\t\t\t<div class=\"elementor-element elementor-element-323fc71 elementor-widget elementor-widget-text-editor\" data-id=\"323fc71\" data-element_type=\"widget\" data-e-type=\"widget\" data-widget_type=\"text-editor.default\">\n\t\t\t\t<div class=\"elementor-widget-container\">\n\t\t\t\t\t\t\t\t\t<p>Melde Dich gerne unter <a href=\"mailto:andidocoaching@gmail.de\">andidocoaching@gmail.de<\/a><\/p>\t\t\t\t\t\t\t\t<\/div>\n\t\t\t\t<\/div>\n\t\t\t\t\t<\/div>\n\t\t<\/div>\n\t\t\t\t\t<\/div>\n\t\t<\/section>\n\t\t\t\t<\/div>\n\t\t","protected":false},"excerpt":{"rendered":"<p>An Wendepunkten im Berufsleben (Schulabschluss, Berufswechsel, \u00dcbergang in die Rente) gilt es, die eigene Ausrichtung neu zu definieren und inspirierende Ziele zu finden. Das k\u00f6nnen wir im Coaching auf den Punkt bringen.\u00a0 Das Erstgespr\u00e4ch ist f\u00fcr Dich als Coaching-Anf\u00e4nger kostenfrei und bereits lohnend.\u00a0 Weitere Module k\u00f6nnen flexibel zugebucht werden und eignen sich als &#8222;Sinn-&#8220; volles [&hellip;]<\/p>\n","protected":false},"author":1,"featured_media":0,"parent":0,"menu_order":2,"comment_status":"closed","ping_status":"closed","template":"","meta":{"footnotes":""},"class_list":["post-329","page","type-page","status-publish","hentry"],"_links":{"self":[{"href":"https:\/\/andidocoaching.de\/index.php?rest_route=\/wp\/v2\/pages\/329","targetHints":{"allow":["GET"]}}],"collection":[{"href":"https:\/\/andidocoaching.de\/index.php?rest_route=\/wp\/v2\/pages"}],"about":[{"href":"https:\/\/andidocoaching.de\/index.php?rest_route=\/wp\/v2\/types\/page"}],"author":[{"embeddable":true,"href":"https:\/\/andidocoaching.de\/index.php?rest_route=\/wp\/v2\/users\/1"}],"replies":[{"embeddable":true,"href":"https:\/\/andidocoaching.de\/index.php?rest_route=%2Fwp%2Fv2%2Fcomments&post=329"}],"version-history":[{"count":32,"href":"https:\/\/andidocoaching.de\/index.php?rest_route=\/wp\/v2\/pages\/329\/revisions"}],"predecessor-version":[{"id":456,"href":"https:\/\/andidocoaching.de\/index.php?rest_route=\/wp\/v2\/pages\/329\/revisions\/456"}],"wp:attachment":[{"href":"https:\/\/andidocoaching.de\/index.php?rest_route=%2Fwp%2Fv2%2Fmedia&parent=329"}],"curies":[{"name":"wp","href":"https:\/\/api.w.org\/{rel}","templated":true}]}}